{"id":42,"date":"2024-01-23T11:28:31","date_gmt":"2024-01-23T11:28:31","guid":{"rendered":"https:\/\/foxinaboxgames.com\/split\/?page_id=42"},"modified":"2025-06-02T13:30:35","modified_gmt":"2025-06-02T12:30:35","slug":"cookie-policy","status":"publish","type":"page","link":"https:\/\/foxinaboxgames.com\/split\/cookie-policy\/","title":{"rendered":"Cookie Policy"},"content":{"rendered":"\n<div class=\"wp-block-group alignwide has-link-color wp-elements-580dd9ce10cf8ea2f02a911842f3a507 has-global-padding is-layout-constrained wp-block-group-is-layout-constrained\">\n<div style=\"height:140px\" aria-hidden=\"true\" class=\"wp-block-spacer\"><\/div>\n\n\n\n<div class=\"wp-block-columns alignwide stack-on-tablet-portrait is-layout-flex wp-container-core-columns-is-layout-cbe57604 wp-block-columns-is-layout-flex\">\n<div class=\"wp-block-column is-layout-flow wp-block-column-is-layout-flow\" style=\"flex-basis:50%\">\n<h1 class=\"wp-block-heading has-extra-large-font-size\" style=\"margin-top:0;line-height:0.8;text-transform:uppercase\">Politika kola\u010di\u0107a<\/h1>\n\n\n\n<div style=\"height:20px\" aria-hidden=\"true\" class=\"wp-block-spacer\"><\/div>\n<\/div>\n\n\n\n<div class=\"wp-block-column is-layout-flow wp-block-column-is-layout-flow\" style=\"flex-basis:60%\">\n<div class=\"wp-block-columns is-layout-flex wp-container-core-columns-is-layout-28f84493 wp-block-columns-is-layout-flex\">\n<div class=\"wp-block-column is-layout-flow wp-block-column-is-layout-flow\" style=\"flex-basis:90%\">\n<h3 class=\"wp-block-heading has-regular-font-size\" style=\"line-height:0.9;text-transform:uppercase\">Definicije i klju\u010dni pojmovi<\/h3>\n\n\n\n<p>Kako bi se stvari objasnile \u0161to jasnije u ovoj Politici kola\u010di\u0107a, svaki put kada se spomene neki od ovih pojmova, strogo su definirani kao:<\/p>\n\n\n\n<ul class=\"wp-block-list\">\n<li>Kola\u010di\u0107: mala koli\u010dina podataka koju generira web stranica i sprema va\u0161 web preglednik. Koristi se za prepoznavanje va\u0161eg preglednika, pru\u017eanje analize, pam\u0107enje informacija o vama, kao \u0161to su va\u0161a jezi\u010dna preferencija ili podaci za prijavu.<\/li>\n\n\n\n<li>Tvrtka: kada se u ovoj politici spominje &#8220;Tvrtka&#8221;, &#8220;mi&#8221;, &#8220;nas&#8221; ili &#8220;na\u0161e&#8221;, odnosi se na Fox in a Box Franchise, koji je odgovoran za va\u0161e informacije prema ovoj Politici kola\u010di\u0107a.<\/li>\n\n\n\n<li>Ure\u0111aj: bilo koji ure\u0111aj povezan s internetom, kao \u0161to je telefon, tablet, ra\u010dunalo ili bilo koji drugi ure\u0111aj koji se mo\u017ee koristiti za posjetu Fox in a Box Franchise i kori\u0161tenje usluga.<\/li>\n\n\n\n<li>Osobni podaci: bilo koja informacija koja izravno, neizravno ili u vezi s drugim informacijama \u2014 uklju\u010duju\u0107i osobni identifikacijski broj \u2014 omogu\u0107ava identifikaciju ili prepoznavanje fizi\u010dke osobe.<\/li>\n\n\n\n<li>Usluga: odnosi se na uslugu koju pru\u017ea Fox in a Box Franchise kako je opisano u odgovaraju\u0107im uvjetima (ako su dostupni) i na ovoj platformi.<\/li>\n\n\n\n<li>Usluga tre\u0107e strane: odnosi se na ogla\u0161iva\u010de, sponzore natje\u010daja, promotivne i marketin\u0161ke partnere, i druge koji pru\u017eaju na\u0161 sadr\u017eaj ili \u010diji proizvodi ili usluge mislimo da bi vas mogli zanimati.<\/li>\n\n\n\n<li>Web stranica: stranica koja se mo\u017ee pristupiti putem ovog URL-a: http:\/\/foxinabox.re<\/li>\n<\/ul>\n\n\n\n<p>Ova Politika kola\u010di\u0107a kreirana je uz pomo\u0107&nbsp;<a href=\"https:\/\/termify.io\" target=\"_blank\" rel=\"noreferrer noopener\">Termify<\/a>.<\/p>\n<\/div>\n<\/div>\n<\/div>\n<\/div>\n\n\n\n<div style=\"height:100px\" aria-hidden=\"true\" class=\"wp-block-spacer\"><\/div>\n\n\n\n<hr class=\"wp-block-separator alignwide has-text-color has-offwhite-color has-alpha-channel-opacity has-offwhite-background-color has-background l-above-mobile-only\"\/>\n\n\n\n<div style=\"height:60px\" aria-hidden=\"true\" class=\"wp-block-spacer l-above-mobile-only\"><\/div>\n\n\n\n<div class=\"wp-block-columns alignwide stack-on-tablet-portrait is-layout-flex wp-container-core-columns-is-layout-14cf5ab5 wp-block-columns-is-layout-flex\">\n<div class=\"wp-block-column is-layout-flow wp-block-column-is-layout-flow\" style=\"padding-right:2vw\">\n<h3 class=\"wp-block-heading has-regular-font-size\" style=\"text-transform:uppercase\">Uvod<\/h3>\n\n\n\n<p>Ova Politika kola\u010di\u0107a obja\u0161njava kako Fox in a Box Franchise i njegove podru\u017enice (zajedno &#8220;Fox in a Box Franchise&#8221;, &#8220;mi&#8221;, &#8220;nas&#8221; i &#8220;na\u0161i&#8221;) koriste kola\u010di\u0107e i sli\u010dne tehnologije kako bi vas prepoznali kada posjetite na\u0161u web stranicu, uklju\u010duju\u0107i bez ograni\u010denja http:\/\/foxinabox.re i bilo koje povezane URL-ove, mobilne ili lokalizirane verzije i povezane domene \/ poddomene (&#8220;Web stranice&#8221;). Obja\u0161njava \u0161to su te tehnologije i za\u0161to ih koristimo, kao i opcije za njihovu kontrolu.<\/p>\n\n\n\n<div style=\"height:20px\" aria-hidden=\"true\" class=\"wp-block-spacer\"><\/div>\n<\/div>\n\n\n\n<div class=\"wp-block-column is-layout-flow wp-block-column-is-layout-flow\">\n<h3 class=\"wp-block-heading has-regular-font-size\" style=\"text-transform:uppercase\">Koje vrste kola\u010di\u0107a koristi Fox in a Box Franchise?<\/h3>\n\n\n\n<p>Kola\u010di\u0107i mogu biti kola\u010di\u0107i sesije ili trajni kola\u010di\u0107i. Kola\u010di\u0107 sesije automatski isti\u010de kada zatvorite svoj preglednik. Trajni kola\u010di\u0107 \u0107e ostati dok ne istekne ili dok ne obri\u0161ete kola\u010di\u0107e. Datumi isteka postavljeni su u samim kola\u010di\u0107ima; neki mogu iste\u0107i nakon nekoliko minuta, dok drugi mogu iste\u0107i nakon nekoliko godina. Kola\u010di\u0107i postavljeni od strane web stranice koju posje\u0107ujete nazivaju se &#8220;kola\u010di\u0107i prve strane&#8221;.<\/p>\n\n\n\n<p>Kola\u010di\u0107i koji su strogo potrebni neophodni su za funkcioniranje na\u0161e web stranice i ne mogu se isklju\u010diti u na\u0161im sustavima. Neophodni su kako bi vam omogu\u0107ili kretanje po web stranici i kori\u0161tenje njezinih zna\u010dajki. Ako uklonite ili onemogu\u0107ite ove kola\u010di\u0107e, ne mo\u017eemo jam\u010diti da \u0107ete mo\u0107i koristiti na\u0161u web stranicu.<\/p>\n<\/div>\n<\/div>\n\n\n\n<div style=\"height:60px\" aria-hidden=\"true\" class=\"wp-block-spacer l-above-mobile-only\"><\/div>\n\n\n\n<hr class=\"wp-block-separator alignwide has-text-color has-offwhite-color has-alpha-channel-opacity has-offwhite-background-color has-background l-above-mobile-only\"\/>\n\n\n\n<div style=\"height:60px\" aria-hidden=\"true\" class=\"wp-block-spacer l-above-mobile-only\"><\/div>\n\n\n\n<div class=\"wp-block-columns alignwide is-layout-flex wp-container-core-columns-is-layout-28f84493 wp-block-columns-is-layout-flex\">\n<div class=\"wp-block-column is-layout-flow wp-block-column-is-layout-flow\" style=\"flex-basis:60%\">\n<h2 class=\"wp-block-heading alignwide has-large-font-size\" style=\"line-height:0.9;text-transform:uppercase\">Na na\u0161oj web stranici koristimo sljede\u0107e vrste kola\u010di\u0107a:<\/h2>\n<\/div>\n<\/div>\n\n\n\n<div style=\"height:60px\" aria-hidden=\"true\" class=\"wp-block-spacer l-above-mobile-only\"><\/div>\n\n\n\n<div class=\"wp-block-columns alignwide stack-on-tablet-portrait is-layout-flex wp-container-core-columns-is-layout-14cf5ab5 wp-block-columns-is-layout-flex\">\n<div class=\"wp-block-column is-layout-flow wp-block-column-is-layout-flow\" style=\"padding-right:2vw\">\n<h3 class=\"wp-block-heading has-regular-font-size\" style=\"text-transform:uppercase\">Esencijalni kola\u010di\u0107i<\/h3>\n\n\n\n<p>Koristimo esencijalne kola\u010di\u0107e kako bi na\u0161a web stranica funkcionirala. Ovi kola\u010di\u0107i su strogo potrebni kako bi omogu\u0107ili osnovnu funkcionalnost poput sigurnosti, upravljanja mre\u017eom, va\u0161ih postavki kola\u010di\u0107a i pristupa\u010dnosti. Bez njih ne biste mogli koristiti osnovne usluge. Mo\u017eete ih onemogu\u0107iti promjenom postavki va\u0161eg preglednika, ali to mo\u017ee utjecati na na\u010din na koji web stranice funkcioniraju.<\/p>\n\n\n\n<div style=\"height:20px\" aria-hidden=\"true\" class=\"wp-block-spacer\"><\/div>\n<\/div>\n\n\n\n<div class=\"wp-block-column is-layout-flow wp-block-column-is-layout-flow\">\n<h3 class=\"wp-block-heading has-regular-font-size\" style=\"text-transform:uppercase\">Kola\u010di\u0107i za marketing<\/h3>\n\n\n\n<p>Ovi kola\u010di\u0107i temeljeni na korisni\u010dkim ra\u010dunima omogu\u0107uju nam da identificiramo budu\u0107e potencijalne klijente i personaliziramo prodajne i marketin\u0161ke interakcije s njima.<\/p>\n<\/div>\n<\/div>\n\n\n\n<div style=\"height:60px\" aria-hidden=\"true\" class=\"wp-block-spacer l-above-mobile-only\"><\/div>\n\n\n\n<hr class=\"wp-block-separator alignwide has-text-color has-offwhite-color has-alpha-channel-opacity has-offwhite-background-color has-background l-above-mobile-only\"\/>\n\n\n\n<div style=\"height:60px\" aria-hidden=\"true\" class=\"wp-block-spacer l-above-mobile-only\"><\/div>\n\n\n\n<div class=\"wp-block-columns alignwide stack-on-tablet-portrait is-layout-flex wp-container-core-columns-is-layout-14cf5ab5 wp-block-columns-is-layout-flex\">\n<div class=\"wp-block-column is-layout-flow wp-block-column-is-layout-flow\" style=\"padding-right:2vw\">\n<h3 class=\"wp-block-heading has-regular-font-size\" style=\"text-transform:uppercase\">Kola\u010di\u0107i za analitiku i prilagodbu<\/h3>\n\n\n\n<p>Ovi kola\u010di\u0107i prikupljaju informacije koje nam poma\u017eu razumjeti kako se na\u0161a web stranica koristi ili koliko su u\u010dinkovite na\u0161e marketin\u0161ke kampanje, ili nam poma\u017eu prilagoditi na\u0161u web stranicu za vas.<\/p>\n\n\n\n<p>Koristimo kola\u010di\u0107e koje pru\u017ea Google Analytics za prikupljanje ograni\u010denih podataka izravno od krajnjih korisni\u010dkih preglednika kako bismo bolje razumjeli va\u0161e kori\u0161tenje na\u0161e web stranice. Dodatne informacije o tome kako Google prikuplja i koristi ove podatke mo\u017eete prona\u0107i na: https:\/\/www.google.com\/policies\/privacy\/partners\/. Mo\u017eete se isklju\u010diti iz svih Google podr\u017eanih analitika na na\u0161im web stranicama posjetom: https:\/\/tools.google.com\/dlpage\/gaoptout.<\/p>\n\n\n\n<div style=\"height:20px\" aria-hidden=\"true\" class=\"wp-block-spacer\"><\/div>\n<\/div>\n\n\n\n<div class=\"wp-block-column is-layout-flow wp-block-column-is-layout-flow\">\n<h3 class=\"wp-block-heading has-regular-font-size\" style=\"text-transform:uppercase\">Kola\u010di\u0107i tre\u0107e strane<\/h3>\n\n\n\n<p style=\"font-style:normal;font-weight:500\">Neki kola\u010di\u0107i koji su postavljeni na na\u0161oj web stranici nisu postavljeni od strane Fox in a Box Franchise kao kola\u010di\u0107i prve strane. Web stranice mogu biti ugra\u0111ene s sadr\u017eajem tre\u0107ih strana za prikazivanje oglasa. Ovi pru\u017eatelji usluga tre\u0107e strane mogu postaviti vlastite kola\u010di\u0107e na va\u0161em web pregledniku. Pru\u017eatelji usluga tre\u0107e strane kontroliraju mnoge kola\u010di\u0107e za performanse i funkcionalnost, ogla\u0161avanje, marketing i analitiku opisane gore. Mi ne kontroliramo upotrebu tih kola\u010di\u0107a tre\u0107e strane jer kola\u010di\u0107e mo\u017ee pristupiti samo tre\u0107a strana koja ih je izvorno postavila.<\/p>\n<\/div>\n<\/div>\n\n\n\n<div style=\"height:60px\" aria-hidden=\"true\" class=\"wp-block-spacer l-above-mobile-only\"><\/div>\n\n\n\n<hr class=\"wp-block-separator alignwide has-text-color has-offwhite-color has-alpha-channel-opacity has-offwhite-background-color has-background l-above-mobile-only\"\/>\n\n\n\n<div style=\"height:60px\" aria-hidden=\"true\" class=\"wp-block-spacer l-above-mobile-only\"><\/div>\n\n\n\n<div class=\"wp-block-columns alignwide stack-on-tablet-portrait is-layout-flex wp-container-core-columns-is-layout-14cf5ab5 wp-block-columns-is-layout-flex\">\n<div class=\"wp-block-column is-layout-flow wp-block-column-is-layout-flow\" style=\"padding-right:2vw\">\n<h3 class=\"wp-block-heading has-regular-font-size\" style=\"text-transform:uppercase\">Kako mo\u017eete upravljati kola\u010di\u0107ima?<\/h3>\n\n\n\n<p>Ve\u0107ina preglednika omogu\u0107uje vam upravljanje kola\u010di\u0107ima putem svojih postavki. Me\u0111utim, ako ograni\u010dite mogu\u0107nost postavljanja kola\u010di\u0107a na web stranicama, mo\u017eete pogor\u0161ati svoje cjelokupno korisni\u010dko iskustvo jer vi\u0161e ne\u0107e biti personalizirano za vas. Tako\u0111er mo\u017ee prestati spremati prilago\u0111ene postavke poput informacija za prijavu. Proizvo\u0111a\u010di preglednika pru\u017eaju stranice pomo\u0107i koje se odnose na upravljanje kola\u010di\u0107ima u njihovim proizvodima.<\/p>\n\n\n\n<p>Proizvo\u0111a\u010di preglednika pru\u017eaju stranice pomo\u0107i koje se odnose na upravljanje kola\u010di\u0107ima u njihovim proizvodima. Pogledajte u nastavku za vi\u0161e informacija.<\/p>\n\n\n\n<ul class=\"wp-block-list\">\n<li>Google Chrome<\/li>\n\n\n\n<li>Internet Explorer<\/li>\n\n\n\n<li>Mozilla Firefox<\/li>\n\n\n\n<li>Safari (Desktop)<\/li>\n\n\n\n<li>Safari (Mobilni)<\/li>\n\n\n\n<li>Android Browser<\/li>\n\n\n\n<li>Opera<\/li>\n\n\n\n<li>Opera Mobile<\/li>\n<\/ul>\n\n\n\n<div style=\"height:20px\" aria-hidden=\"true\" class=\"wp-block-spacer\"><\/div>\n<\/div>\n\n\n\n<div class=\"wp-block-column is-layout-flow wp-block-column-is-layout-flow\">\n<h3 class=\"wp-block-heading has-regular-font-size\" style=\"text-transform:uppercase\">Blokiranje i onemogu\u0107avanje kola\u010di\u0107a i sli\u010dnih tehnologija<\/h3>\n\n\n\n<p style=\"font-style:normal;font-weight:500\">Bez obzira na va\u0161u lokaciju, tako\u0111er mo\u017eete postaviti svoj preglednik da blokira kola\u010di\u0107e i sli\u010dne tehnologije, ali ova radnja mo\u017ee blokirati na\u0161e esencijalne kola\u010di\u0107e i sprije\u010diti pravilno funkcioniranje na\u0161e web stranice, te mo\u017eda ne\u0107ete mo\u0107i u potpunosti iskoristiti sve njezine zna\u010dajke i usluge. Tako\u0111er trebate biti svjesni da mo\u017eete izgubiti neke spremljene informacije (npr. spremljene podatke za prijavu, postavke stranice) ako blokirate kola\u010di\u0107e na svom pregledniku. Razli\u010diti preglednici nude razli\u010dite mogu\u0107nosti kontrole. Onemogu\u0107avanje kola\u010di\u0107a ili kategorije kola\u010di\u0107a ne bri\u0161e kola\u010di\u0107 iz va\u0161eg preglednika, to \u0107ete morati u\u010diniti sami iz unutar va\u0161eg preglednika, trebate posjetiti izbornik pomo\u0107i va\u0161eg preglednika za vi\u0161e informacija.<\/p>\n<\/div>\n<\/div>\n\n\n\n<div style=\"height:60px\" aria-hidden=\"true\" class=\"wp-block-spacer l-above-mobile-only\"><\/div>\n\n\n\n<hr class=\"wp-block-separator alignwide has-text-color has-offwhite-color has-alpha-channel-opacity has-offwhite-background-color has-background l-above-mobile-only\"\/>\n\n\n\n<div style=\"height:60px\" aria-hidden=\"true\" class=\"wp-block-spacer l-above-mobile-only\"><\/div>\n\n\n\n<div class=\"wp-block-columns alignwide stack-on-tablet-portrait is-layout-flex wp-container-core-columns-is-layout-14cf5ab5 wp-block-columns-is-layout-flex\">\n<div class=\"wp-block-column is-layout-flow wp-block-column-is-layout-flow\" style=\"padding-right:2vw\">\n<h3 class=\"wp-block-heading has-regular-font-size\" style=\"text-transform:uppercase\">Promjene u na\u0161oj Politici kola\u010di\u0107a<\/h3>\n\n\n\n<p>Mo\u017eemo promijeniti na\u0161e usluge i politike, te \u0107emo mo\u017eda morati izvr\u0161iti promjene u ovoj Politici kola\u010di\u0107a kako bi to\u010dno odra\u017eavale na\u0161e usluge i politike. Osim ako zakon ne zahtijeva druga\u010dije, obavijestit \u0107emo vas (na primjer, putem na\u0161ih usluga) prije nego \u0161to izvr\u0161imo promjene u ovoj Politici kola\u010di\u0107a i dati vam priliku da ih pregledate prije nego \u0161to stupe na snagu. Zatim, ako nastavite koristiti uslugu, bit \u0107ete obvezani a\u017euriranom Politikom kola\u010di\u0107a. Ako ne \u017eelite pristati na ovu ili bilo koju a\u017euriranu Politiku kola\u010di\u0107a, mo\u017eete izbrisati svoj ra\u010dun.<\/p>\n\n\n\n<div style=\"height:20px\" aria-hidden=\"true\" class=\"wp-block-spacer\"><\/div>\n<\/div>\n\n\n\n<div class=\"wp-block-column is-layout-flow wp-block-column-is-layout-flow\">\n<h3 class=\"wp-block-heading has-regular-font-size\" style=\"text-transform:uppercase\">Va\u0161 pristanak<\/h3>\n\n\n\n<p style=\"font-style:normal;font-weight:500\">Kori\u0161tenjem na\u0161e web stranice, registracijom ra\u010duna ili kupnjom, ovime pristajete na na\u0161u Politiku kola\u010di\u0107a i sla\u017eete se s njezinim uvjetima.<\/p>\n<\/div>\n<\/div>\n\n\n\n<div style=\"height:60px\" aria-hidden=\"true\" class=\"wp-block-spacer l-above-mobile-only\"><\/div>\n\n\n\n<hr class=\"wp-block-separator alignwide has-text-color has-offwhite-color has-alpha-channel-opacity has-offwhite-background-color has-background l-above-mobile-only\"\/>\n\n\n\n<div style=\"height:60px\" aria-hidden=\"true\" class=\"wp-block-spacer\"><\/div>\n\n\n\n<div class=\"wp-block-columns alignwide stack-on-tablet-portrait is-layout-flex wp-container-core-columns-is-layout-14cf5ab5 wp-block-columns-is-layout-flex\">\n<div class=\"wp-block-column is-layout-flow wp-block-column-is-layout-flow\" style=\"padding-right:2vw\">\n<h3 class=\"wp-block-heading has-regular-font-size\" style=\"text-transform:uppercase\">Kontaktirajte nas<\/h3>\n\n\n\n<p>Ne oklijevajte kontaktirati nas ako imate bilo kakvih pitanja u vezi s na\u0161om Politikom kola\u010di\u0107a.<\/p>\n\n\n\n<ul class=\"wp-block-list\">\n<li>Putem e-maila:&nbsp;<a href=\"mailto:franchise@foxinabox.re\"><\/a><a href=\"mailto:franchise@foxinabox.re\" target=\"_blank\" rel=\"noreferrer noopener\">franchise@foxinabox.re<\/a><\/li>\n\n\n\n<li>Email:\u00a0<a href=\"mailto:info@foxinaboxsplit.com\" target=\"_blank\" rel=\"noreferrer noopener\">info@foxinaboxsplit.com<\/a><\/li>\n\n\n\n<li>Telefon:\u00a0<a href=\"tel:+385913702000\">+385913702000<\/a><\/li>\n<\/ul>\n<\/div>\n\n\n\n<div class=\"wp-block-column is-layout-flow wp-block-column-is-layout-flow\" style=\"padding-left:2vw\"><\/div>\n<\/div>\n\n\n\n<div style=\"height:80px\" aria-hidden=\"true\" class=\"wp-block-spacer l-above-mobile-only\"><\/div>\n<\/div>\n","protected":false},"excerpt":{"rendered":"<p>Politika kola\u010di\u0107a Definicije i klju\u010dni pojmovi Kako bi se stvari objasnile \u0161to jasnije u ovoj Politici kola\u010di\u0107a, svaki put kada se spomene neki od ovih pojmova, strogo su definirani kao: Ova Politika kola\u010di\u0107a kreirana je uz pomo\u0107&nbsp;Termify. Uvod Ova Politika kola\u010di\u0107a obja\u0161njava kako Fox in a Box Franchise i njegove podru\u017enice (zajedno &#8220;Fox in a [&hellip;]<\/p>\n","protected":false},"author":4,"featured_media":0,"parent":0,"menu_order":0,"comment_status":"closed","ping_status":"closed","template":"","meta":{"footnotes":""},"class_list":["post-42","page","type-page","status-publish","hentry"],"_links":{"self":[{"href":"https:\/\/foxinaboxgames.com\/split\/wp-json\/wp\/v2\/pages\/42","targetHints":{"allow":["GET"]}}],"collection":[{"href":"https:\/\/foxinaboxgames.com\/split\/wp-json\/wp\/v2\/pages"}],"about":[{"href":"https:\/\/foxinaboxgames.com\/split\/wp-json\/wp\/v2\/types\/page"}],"author":[{"embeddable":true,"href":"https:\/\/foxinaboxgames.com\/split\/wp-json\/wp\/v2\/users\/4"}],"replies":[{"embeddable":true,"href":"https:\/\/foxinaboxgames.com\/split\/wp-json\/wp\/v2\/comments?post=42"}],"version-history":[{"count":11,"href":"https:\/\/foxinaboxgames.com\/split\/wp-json\/wp\/v2\/pages\/42\/revisions"}],"predecessor-version":[{"id":2515,"href":"https:\/\/foxinaboxgames.com\/split\/wp-json\/wp\/v2\/pages\/42\/revisions\/2515"}],"wp:attachment":[{"href":"https:\/\/foxinaboxgames.com\/split\/wp-json\/wp\/v2\/media?parent=42"}],"curies":[{"name":"wp","href":"https:\/\/api.w.org\/{rel}","templated":true}]}}