{"id":9857,"date":"2025-04-24T08:25:18","date_gmt":"2025-04-24T07:25:18","guid":{"rendered":"https:\/\/foxinaboxgames.com\/gavle\/?post_type=product&#038;p=9857"},"modified":"2025-05-14T18:26:56","modified_gmt":"2025-05-14T16:26:56","slug":"the-ghosts-of-gavle","status":"publish","type":"product","link":"https:\/\/foxinaboxgames.com\/gavle\/sv\/p\/fox-hunt\/the-ghosts-of-gavle\/","title":{"rendered":"The Ghosts of G\u00e4vle"},"content":{"rendered":"<div class=\"wp-block-group alignwide has-global-padding is-layout-constrained wp-block-group-is-layout-constrained\" style=\"padding-top:10rem\">\n<div class=\"wp-block-columns alignwide stack-on-tablet--portrait is-layout-flex wp-container-core-columns-is-layout-f5a44f5b wp-block-columns-is-layout-flex\">\n<div class=\"wp-block-column is-layout-flow wp-block-column-is-layout-flow\" style=\"flex-basis:45%\"><figure class=\"wp-block-post-featured-image\"><img decoding=\"async\" width=\"1080\" height=\"1080\" src=\"https:\/\/foxinaboxgames.com\/gavle\/wp-content\/uploads\/sites\/55\/2025\/04\/Ghosts-of-Gavle-01.png\" class=\"attachment-post-thumbnail size-post-thumbnail wp-post-image\" alt=\"Ghosts of Gavle\" style=\"object-fit:cover;\" srcset=\"https:\/\/foxinaboxgames.com\/gavle\/wp-content\/uploads\/sites\/55\/2025\/04\/Ghosts-of-Gavle-01.png 1080w, https:\/\/foxinaboxgames.com\/gavle\/wp-content\/uploads\/sites\/55\/2025\/04\/Ghosts-of-Gavle-01-300x300.png 300w, https:\/\/foxinaboxgames.com\/gavle\/wp-content\/uploads\/sites\/55\/2025\/04\/Ghosts-of-Gavle-01-1024x1024.png 1024w, https:\/\/foxinaboxgames.com\/gavle\/wp-content\/uploads\/sites\/55\/2025\/04\/Ghosts-of-Gavle-01-150x150.png 150w, https:\/\/foxinaboxgames.com\/gavle\/wp-content\/uploads\/sites\/55\/2025\/04\/Ghosts-of-Gavle-01-768x768.png 768w, https:\/\/foxinaboxgames.com\/gavle\/wp-content\/uploads\/sites\/55\/2025\/04\/Ghosts-of-Gavle-01-12x12.png 12w, https:\/\/foxinaboxgames.com\/gavle\/wp-content\/uploads\/sites\/55\/2025\/04\/Ghosts-of-Gavle-01-600x600.png 600w, https:\/\/foxinaboxgames.com\/gavle\/wp-content\/uploads\/sites\/55\/2025\/04\/Ghosts-of-Gavle-01-100x100.png 100w\" sizes=\"(max-width: 1080px) 100vw, 1080px\" \/><\/figure><\/div>\n\n\n\n<div class=\"wp-block-column is-layout-flow wp-block-column-is-layout-flow\" style=\"flex-basis:55%\"><h2 style=\"margin-bottom:var(--wp--preset--spacing--50);margin-top:0;\" class=\"alignwide wp-block-post-title has-extra-large-font-size\">The Ghosts of G\u00e4vle<\/h2>\n\n\n<div class=\"wp-block-group is-content-justification-space-between is-nowrap is-layout-flex wp-container-core-group-is-layout-cb46ffcb wp-block-group-is-layout-flex\">\n<div class=\"wp-block-group has-global-padding is-layout-constrained wp-block-group-is-layout-constrained\"><span class=\"woocommerce-Price-amount amount\"><bdi><span class=\"price-number-only\">499.00<\/span>&nbsp;<span class=\"woocommerce-Price-currencySymbol\">SEK<\/span><\/bdi><\/span> <small class=\"woocommerce-price-suffix\">ink. moms<\/small>\n<\/div>\n\n\n\n<p>PER LAG (1-5 PERSONER)<\/p>\n<\/div>\n\n\n\n<hr class=\"wp-block-separator has-text-color has-alpha-channel-opacity has-background\" style=\"margin-top:var(--wp--preset--spacing--30);margin-bottom:var(--wp--preset--spacing--60);background-color:#00000005;color:#00000005\" \/>\n\n\n\n<div class=\"wp-block-group alignwide is-layout-flow wp-block-group-is-layout-flow\">\n\n<div style=\"margin-bottom:var(--wp--preset--spacing--60);\" class=\"wp-block-post-excerpt\"><p class=\"wp-block-post-excerpt__excerpt\">V\u00e4lkommen till The Ghosts of G\u00e4vle \u2013 en kuslig resa genom stadens mest hems\u00f6kta platser! Vandra bland bortgl\u00f6mda historier, l\u00f6s mystiska g\u00e5tor och avsl\u00f6ja hemligheter som d\u00f6ljer sig i skuggorna av G\u00e4vles historiska gator. Varje g\u00e5ta avsl\u00f6jar en del av ber\u00e4ttelsen bakom en av de rastl\u00f6sa andarna. Anv\u00e4nd ditt intellekt, dina sinnen och ditt mod \u2013 f\u00f6r i den h\u00e4r staden \u00e4r det inte alla sp\u00f6ken som f\u00f6rblir tysta. \u00c4r du redo att kliva in i det ok\u00e4nda? <\/p><\/div>\n\n<div data-block-name=\"woocommerce\/add-to-cart-form\" class=\"wp-block-add-to-cart-form wc-block-add-to-cart-form wc-block-add-to-cart-form--input wp-block-woocommerce-add-to-cart-form\" >\n\t\n\t<form class=\"cart\" action=\"https:\/\/foxinaboxgames.com\/gavle\/sv\/p\/fox-hunt\/the-ghosts-of-gavle\/\" method=\"post\" enctype='multipart\/form-data' data-trp-original-action=\"https:\/\/foxinaboxgames.com\/gavle\/sv\/p\/fox-hunt\/the-ghosts-of-gavle\/\">\n\t\t\n\t\t<div class=\"quantity\">\n\t\t<label class=\"screen-reader-text\" for=\"quantity_69d2b5d30b055\">The Ghosts of G\u00e4vle m\u00e4ngd<\/label>\n\t<input\n\t\ttype=\"number\"\n\t\t\t\tid=\"quantity_69d2b5d30b055\"\n\t\tclass=\"input-text qty text\"\n\t\tname=\"quantity\"\n\t\tvalue=\"1\"\n\t\taria-label=\"Produktantal\"\n\t\t\t\tmin=\"1\"\n\t\t\t\t\t\t\tstep=\"1\"\n\t\t\tplaceholder=\"\"\n\t\t\tinputmode=\"numeric\"\n\t\t\tautocomplete=\"off\"\n\t\t\t\/>\n\t<\/div>\n\n\t\t<button type=\"submit\" name=\"add-to-cart\" value=\"9857\" class=\"single_add_to_cart_button button alt wp-element-button\">L\u00e4gg till i varukorg<\/button>\n\n\t\t\t<input type=\"hidden\" name=\"trp-form-language\" value=\"sv\"\/><\/form>\n\n\t\n<\/div><\/div>\n<\/div>\n<\/div>\n<\/div>\n\n\n\n<div class=\"wp-block-columns alignwide is-layout-flex wp-container-core-columns-is-layout-e6f27d69 wp-block-columns-is-layout-flex\" style=\"padding-bottom:var(--wp--preset--spacing--30)\">\n<div class=\"wp-block-column is-layout-flow wp-block-column-is-layout-flow\" style=\"flex-basis:100%\">\n<div class=\"wp-block-columns is-layout-flex wp-container-core-columns-is-layout-28f84493 wp-block-columns-is-layout-flex\">\n<div class=\"wp-block-column is-layout-flow wp-block-column-is-layout-flow\" style=\"flex-basis:70%\">\n<h4 class=\"wp-block-heading has-regular-font-size\" style=\"padding-bottom:var(--wp--preset--spacing--40);text-transform:uppercase\">I The Ghosts of G\u00e4vle ger du dig ut p\u00e5 en sp\u00f6klik vandring genom stadens hj\u00e4rta.<\/h4>\n<\/div>\n<\/div>\n\n\n\n<div class=\"wp-block-columns stack-on-tablet--portrait is-layout-flex wp-container-core-columns-is-layout-f5a44f5b wp-block-columns-is-layout-flex\">\n<div class=\"wp-block-column is-layout-flow wp-block-column-is-layout-flow\" style=\"flex-basis:50%\">\n<p>N\u00e4r du utforskar G\u00e4vles historiska platser kommer du att st\u00f6ta p\u00e5 ber\u00e4ttelser om sorg, svek och rastl\u00f6sa andar som fortfarande klamrar sig fast vid de gamla stenarna \u2013 eller driver fram \u00f6ver \u00e4lvens vatten.<\/p>\n\n\n\n<p>L\u00f6s pussel p\u00e5 varje plats med hj\u00e4lp av ledtr\u00e5dar g\u00f6mda i fotografier, videor och g\u00e5tor.<\/p>\n<\/div>\n\n\n\n<div class=\"wp-block-column is-layout-flow wp-block-column-is-layout-flow\" style=\"flex-basis:50%\">\n<p>F\u00f6r varje steg kommer du djupare in i mysteriet.<br><strong>Kan du avsl\u00f6ja hemligheterna som Den Vita Damen har vaktat i \u00e5rhundraden?<\/strong><\/p>\n\n\n\n<p>Lyssna noga, trampa f\u00f6rsiktigt \u2013 och var f\u00f6rsiktig:<br><strong>vissa d\u00f6rrar, n\u00e4r de v\u00e4l \u00f6ppnats, \u00e4r sv\u00e5ra att st\u00e4nga.<\/strong><\/p>\n<\/div>\n<\/div>\n<\/div>\n<\/div>\n\n\n\n<div class=\"wp-block-cover alignwide\" style=\"margin-bottom:var(--wp--preset--spacing--60)\"><span aria-hidden=\"true\" class=\"wp-block-cover__background has-black-background-color has-background-dim-60 has-background-dim\"><\/span><img decoding=\"async\" width=\"1000\" height=\"664\" class=\"wp-block-cover__image-background wp-image-7281\" alt=\"\" src=\"https:\/\/foxinaboxgames.com\/gavle\/wp-content\/uploads\/sites\/55\/2025\/01\/image-233-1.jpg\" data-object-fit=\"cover\" srcset=\"https:\/\/foxinaboxgames.com\/gavle\/wp-content\/uploads\/sites\/55\/2025\/01\/image-233-1.jpg 1000w, https:\/\/foxinaboxgames.com\/gavle\/wp-content\/uploads\/sites\/55\/2025\/01\/image-233-1-300x199.jpg 300w, https:\/\/foxinaboxgames.com\/gavle\/wp-content\/uploads\/sites\/55\/2025\/01\/image-233-1-768x510.jpg 768w, https:\/\/foxinaboxgames.com\/gavle\/wp-content\/uploads\/sites\/55\/2025\/01\/image-233-1-18x12.jpg 18w, https:\/\/foxinaboxgames.com\/gavle\/wp-content\/uploads\/sites\/55\/2025\/01\/image-233-1-600x398.jpg 600w\" sizes=\"(max-width: 1000px) 100vw, 1000px\" \/><div class=\"wp-block-cover__inner-container is-layout-flow wp-block-cover-is-layout-flow\">\n<div class=\"wp-block-group is-layout-flow wp-block-group-is-layout-flow\" style=\"border-radius:4px;padding-top:var(--wp--preset--spacing--30);padding-right:var(--wp--preset--spacing--20);padding-bottom:var(--wp--preset--spacing--30);padding-left:var(--wp--preset--spacing--20)\">\n<div class=\"wp-block-columns is-layout-flex wp-container-core-columns-is-layout-28f84493 wp-block-columns-is-layout-flex\">\n<div class=\"wp-block-column has-custom-white-color has-text-color has-link-color wp-elements-19abad81f73971e043d03b2af94373dd is-layout-flow wp-block-column-is-layout-flow\" style=\"flex-basis:55%\">\n<h4 class=\"wp-block-heading has-custom-white-color has-text-color has-regular-font-size\" style=\"padding-bottom:var(--wp--preset--spacing--50);line-height:1;text-transform:uppercase\">HUR DET FUNGERAR<\/h4>\n\n\n\n<div style=\"height:10px\" aria-hidden=\"true\" class=\"wp-block-spacer\"><\/div>\n<\/div>\n<\/div>\n\n\n\n<div class=\"wp-block-columns is-layout-flex wp-container-core-columns-is-layout-28f84493 wp-block-columns-is-layout-flex\">\n<div class=\"wp-block-column is-layout-flow wp-block-column-is-layout-flow\" style=\"flex-basis:90%\">\n<ul style=\"font-style:normal;font-weight:400;line-height:2;text-transform:uppercase\" class=\"wp-block-list list-style-checkmark has-custom-white-color has-text-color has-gotham-font-family has-tiny-font-size\">\n<li>V\u00c4LJ DITT SPEL<\/li>\n\n\n\n<li>K\u00d6P SPELET DU VILL SPELA<\/li>\n\n\n\n<li>DU KOMMER ATT F\u00c5 ETT E-POST MED SPECIFIKA INSTRUKTIONER<\/li>\n\n\n\n<li>SAMLA DITT LAG<\/li>\n\n\n\n<li>LADDA DIN TELEFON<\/li>\n\n\n\n<li>Se till att din telefon har en fungerande h\u00f6gtalare eller h\u00f6rlurar<\/li>\n\n\n\n<li>SE TILL ATT DU HAR DATA\/INTERNET<\/li>\n\n\n\n<li>KONTROLLERA INST\u00c4LLNINGARNA P\u00c5 DIN TELEFON (TILL\u00c5T POP-UPS OCH PLATSDELNING)<\/li>\n\n\n\n<li>OM DET \u00c4R ETT UTOMHUSSPEL: KONTROLLERA V\u00c4DERPROGNOSEN<\/li>\n\n\n\n<li>KL\u00c4 DIG BEKV\u00c4MT EFTER V\u00c4DER OCH VIND SAMT GL\u00d6M INTE REFLEXEN OM DET \u00c4R M\u00d6RKT<\/li>\n\n\n\n<li>KOM TILL STARTPLATSEN F\u00d6R DIN VALDA JAKT<\/li>\n\n\n\n<li>B\u00d6RJA SPELET GENOM ATT F\u00d6LJA INSTRUKTIONERNA I MAILET<\/li>\n\n\n\n<li>OROA DIG INTE OM V\u00c4DRET \u00c4NDRAS ELLER OM N\u00c5GON BLIR TR\u00d6TT, DU KAN ALLTID TA EN PAUS ELLER KOMMA TILLBAKA EN ANNAN G\u00c5NG OCH FORTS\u00c4TTA.<\/li>\n\n\n\n<li>L\u00c4S FAQ:EN F\u00d6R EN B\u00c4TTRE F\u00d6RST\u00c5ELSE INNAN DU B\u00d6RJAR<\/li>\n\n\n\n<li>MEDAN DU SPELAR, VAR HELA TIDEN OBSERVANT P\u00c5 DIN OMGIVNING OCH SE TILL ATT SPELA S\u00c4KERT.<\/li>\n\n\n\n<li>L\u00d6S MYSTERIET OCH HA KUL!&nbsp;<\/li>\n<\/ul>\n\n\n\n<div style=\"height:20px\" aria-hidden=\"true\" class=\"wp-block-spacer\"><\/div>\n<\/div>\n<\/div>\n<\/div>\n<\/div><\/div>","protected":false},"excerpt":{"rendered":"<p>V\u00e4lkommen till The Ghosts of G\u00e4vle \u2013 en kuslig resa genom stadens mest hems\u00f6kta platser! Vandra bland bortgl\u00f6mda historier, l\u00f6s mystiska g\u00e5tor och avsl\u00f6ja hemligheter som d\u00f6ljer sig i skuggorna av G\u00e4vles historiska gator. Varje g\u00e5ta avsl\u00f6jar en del av ber\u00e4ttelsen bakom en av de rastl\u00f6sa andarna. Anv\u00e4nd ditt intellekt, dina sinnen och ditt mod \u2013 f\u00f6r i den h\u00e4r staden \u00e4r det inte alla sp\u00f6ken som f\u00f6rblir tysta. \u00c4r du redo att kliva in i det ok\u00e4nda?<\/p>","protected":false},"featured_media":10058,"template":"","meta":[],"foxhunt-tags":[54,55,33],"product_brand":[],"product_cat":[21],"product_tag":[],"class_list":{"0":"post-9857","1":"product","2":"type-product","3":"status-publish","4":"has-post-thumbnail","6":"foxhunt-tags-best-at-night","7":"foxhunt-tags-best-for-couples-and-groups-of-friends","8":"foxhunt-tags-outdoor","9":"product_cat-fox-hunt","11":"first","12":"instock","13":"taxable","14":"shipping-taxable","15":"purchasable","16":"product-type-simple"},"_links":{"self":[{"href":"https:\/\/foxinaboxgames.com\/gavle\/sv\/wp-json\/wp\/v2\/product\/9857","targetHints":{"allow":["GET"]}}],"collection":[{"href":"https:\/\/foxinaboxgames.com\/gavle\/sv\/wp-json\/wp\/v2\/product"}],"about":[{"href":"https:\/\/foxinaboxgames.com\/gavle\/sv\/wp-json\/wp\/v2\/types\/product"}],"wp:featuredmedia":[{"embeddable":true,"href":"https:\/\/foxinaboxgames.com\/gavle\/sv\/wp-json\/wp\/v2\/media\/10058"}],"wp:attachment":[{"href":"https:\/\/foxinaboxgames.com\/gavle\/sv\/wp-json\/wp\/v2\/media?parent=9857"}],"wp:term":[{"taxonomy":"foxhunt-tags","embeddable":true,"href":"https:\/\/foxinaboxgames.com\/gavle\/sv\/wp-json\/wp\/v2\/foxhunt-tags?post=9857"},{"taxonomy":"product_brand","embeddable":true,"href":"https:\/\/foxinaboxgames.com\/gavle\/sv\/wp-json\/wp\/v2\/product_brand?post=9857"},{"taxonomy":"product_cat","embeddable":true,"href":"https:\/\/foxinaboxgames.com\/gavle\/sv\/wp-json\/wp\/v2\/product_cat?post=9857"},{"taxonomy":"product_tag","embeddable":true,"href":"https:\/\/foxinaboxgames.com\/gavle\/sv\/wp-json\/wp\/v2\/product_tag?post=9857"}],"curies":[{"name":"wp","href":"https:\/\/api.w.org\/{rel}","templated":true}]}}