{"id":7279,"date":"2025-01-29T10:39:37","date_gmt":"2025-01-29T09:39:37","guid":{"rendered":"https:\/\/foxinaboxgames.com\/gavle\/?post_type=product&#038;p=7279"},"modified":"2025-05-09T07:34:46","modified_gmt":"2025-05-09T06:34:46","slug":"operation-f-a-s-t","status":"publish","type":"product","link":"https:\/\/foxinaboxgames.com\/gavle\/sv\/p\/fox-hunt\/operation-f-a-s-t\/","title":{"rendered":"Operation: F.A.S.T."},"content":{"rendered":"<div class=\"wp-block-group alignwide is-layout-flow wp-block-group-is-layout-flow\" style=\"margin-top:0;margin-bottom:0;padding-top:5rem;padding-bottom:4rem\">\n<div class=\"wp-block-group has-global-padding is-layout-constrained wp-block-group-is-layout-constrained\">\n<div class=\"wp-block-columns alignwide is-layout-flex wp-container-core-columns-is-layout-123045d2 wp-block-columns-is-layout-flex\">\n<div class=\"wp-block-column is-layout-flow wp-block-column-is-layout-flow\" style=\"flex-basis:45%\"><figure style=\"aspect-ratio:1;\" class=\"wp-block-post-featured-image\"><img decoding=\"async\" width=\"1080\" height=\"1080\" src=\"https:\/\/foxinaboxgames.com\/gavle\/wp-content\/uploads\/sites\/55\/2025\/01\/fox-hunt-03-Web.jpg\" class=\"attachment-post-thumbnail size-post-thumbnail wp-post-image\" alt=\"\" style=\"border-radius:8px;width:100%;height:100%;object-fit:cover;\" srcset=\"https:\/\/foxinaboxgames.com\/gavle\/wp-content\/uploads\/sites\/55\/2025\/01\/fox-hunt-03-Web.jpg 1080w, https:\/\/foxinaboxgames.com\/gavle\/wp-content\/uploads\/sites\/55\/2025\/01\/fox-hunt-03-Web-300x300.jpg 300w, https:\/\/foxinaboxgames.com\/gavle\/wp-content\/uploads\/sites\/55\/2025\/01\/fox-hunt-03-Web-1024x1024.jpg 1024w, https:\/\/foxinaboxgames.com\/gavle\/wp-content\/uploads\/sites\/55\/2025\/01\/fox-hunt-03-Web-150x150.jpg 150w, https:\/\/foxinaboxgames.com\/gavle\/wp-content\/uploads\/sites\/55\/2025\/01\/fox-hunt-03-Web-768x768.jpg 768w, https:\/\/foxinaboxgames.com\/gavle\/wp-content\/uploads\/sites\/55\/2025\/01\/fox-hunt-03-Web-12x12.jpg 12w, https:\/\/foxinaboxgames.com\/gavle\/wp-content\/uploads\/sites\/55\/2025\/01\/fox-hunt-03-Web-600x600.jpg 600w, https:\/\/foxinaboxgames.com\/gavle\/wp-content\/uploads\/sites\/55\/2025\/01\/fox-hunt-03-Web-100x100.jpg 100w\" sizes=\"(max-width: 1080px) 100vw, 1080px\" \/><\/figure><\/div>\n\n\n\n<div class=\"wp-block-column is-layout-flow wp-block-column-is-layout-flow\" style=\"flex-basis:55%\"><h2 style=\"margin-bottom:var(--wp--preset--spacing--50);margin-top:0;\" class=\"alignwide wp-block-post-title has-extra-large-font-size\">Operation: F.A.S.T.<\/h2>\n\n\n<div class=\"wp-block-group is-content-justification-space-between is-nowrap is-layout-flex wp-container-core-group-is-layout-cb46ffcb wp-block-group-is-layout-flex\">\n<div class=\"wp-block-group has-global-padding is-layout-constrained wp-block-group-is-layout-constrained\"><span class=\"woocommerce-Price-amount amount\"><bdi><span class=\"price-number-only\">499.00<\/span>&nbsp;<span class=\"woocommerce-Price-currencySymbol\">SEK<\/span><\/bdi><\/span> <small class=\"woocommerce-price-suffix\">ink. moms<\/small>\n<\/div>\n\n\n\n<p>PER LAG (1-5 PERSONER)<\/p>\n<\/div>\n\n\n\n<hr class=\"wp-block-separator has-text-color has-alpha-channel-opacity has-background\" style=\"margin-top:var(--wp--preset--spacing--30);margin-bottom:var(--wp--preset--spacing--60);background-color:#00000005;color:#00000005\"\/>\n\n\n\n<div class=\"wp-block-group alignwide is-layout-flow wp-block-group-is-layout-flow\">\n\n<div style=\"margin-bottom:var(--wp--preset--spacing--60);\" class=\"wp-block-post-excerpt\"><p class=\"wp-block-post-excerpt__excerpt\">V\u00e4lkommen till Operation: F.A.S.T., ett sp\u00e4nnande geo-platsbaserat spionagespel som kommer att s\u00e4tta dina f\u00e4rdigheter p\u00e5 prov! F\u00f6rdjupa dig i hemliga agenters sp\u00e4nnande v\u00e4rld n\u00e4r du ger dig ut p\u00e5 ett uppdrag f\u00f6r att imponera p\u00e5 Mr. Fox, den mystiske chefen f\u00f6r underr\u00e4ttelsetj\u00e4nsten. <\/p><\/div>\n\n<div data-block-name=\"woocommerce\/add-to-cart-form\" class=\"wp-block-add-to-cart-form wc-block-add-to-cart-form wc-block-add-to-cart-form--input wp-block-woocommerce-add-to-cart-form\" >\n\t\n\t<form class=\"cart\" action=\"https:\/\/foxinaboxgames.com\/gavle\/sv\/p\/fox-hunt\/operation-f-a-s-t\/\" method=\"post\" enctype='multipart\/form-data' data-trp-original-action=\"https:\/\/foxinaboxgames.com\/gavle\/sv\/p\/fox-hunt\/operation-f-a-s-t\/\">\n\t\t\n\t\t<div class=\"quantity\">\n\t\t<label class=\"screen-reader-text\" for=\"quantity_69d76b83c05b9\">Operation: F.A.S.T. m\u00e4ngd<\/label>\n\t<input\n\t\ttype=\"number\"\n\t\t\t\tid=\"quantity_69d76b83c05b9\"\n\t\tclass=\"input-text qty text\"\n\t\tname=\"quantity\"\n\t\tvalue=\"1\"\n\t\taria-label=\"Produktantal\"\n\t\t\t\tmin=\"1\"\n\t\t\t\t\t\t\tstep=\"1\"\n\t\t\tplaceholder=\"\"\n\t\t\tinputmode=\"numeric\"\n\t\t\tautocomplete=\"off\"\n\t\t\t\/>\n\t<\/div>\n\n\t\t<button type=\"submit\" name=\"add-to-cart\" value=\"7279\" class=\"single_add_to_cart_button button alt wp-element-button\">L\u00e4gg till i varukorg<\/button>\n\n\t\t\t<input type=\"hidden\" name=\"trp-form-language\" value=\"sv\"\/><\/form>\n\n\t\n<\/div><\/div>\n<\/div>\n<\/div>\n<\/div>\n<\/div>\n\n\n\n<div class=\"wp-block-columns alignwide is-layout-flex wp-container-core-columns-is-layout-e6f27d69 wp-block-columns-is-layout-flex\" style=\"padding-bottom:var(--wp--preset--spacing--30)\">\n<div class=\"wp-block-column is-layout-flow wp-block-column-is-layout-flow\" style=\"flex-basis:100%\">\n<div class=\"wp-block-columns is-layout-flex wp-container-core-columns-is-layout-28f84493 wp-block-columns-is-layout-flex\">\n<div class=\"wp-block-column is-layout-flow wp-block-column-is-layout-flow\" style=\"flex-basis:70%\">\n<h4 class=\"wp-block-heading has-regular-font-size\" style=\"padding-bottom:var(--wp--preset--spacing--40);text-transform:uppercase\">I DETTA \u00c4VENTYR MED H\u00d6G INSATS KOMMER DU ATT G\u00c5 I ASPIRERANDE AGENTERS SKOR, BEST\u00c4MD ATT VISA DINA F\u00d6RM\u00c5GOR OCH BEVISA DITT V\u00c4RDE.<\/h4>\n<\/div>\n<\/div>\n\n\n\n<div class=\"wp-block-columns stack-on-tablet--portrait is-layout-flex wp-container-core-columns-is-layout-f5a44f5b wp-block-columns-is-layout-flex\">\n<div class=\"wp-block-column is-layout-flow wp-block-column-is-layout-flow\" style=\"flex-basis:50%\">\n<p>Mr. Fox s\u00f6ker det b\u00e4sta av det b\u00e4sta f\u00f6r sin prestigefyllda organisation, och det \u00e4r upp till dig att visa din f\u00f6rm\u00e5ga.<\/p>\n\n\n\n<p>F\u00f6rbered dig p\u00e5 att navigera genom en serie noggrant utformade pussel, strategiskt placerade p\u00e5 olika platser. Allt fr\u00e5n dolda koder till kluriga g\u00e5tor, varje utmaning kommer att pressa din probleml\u00f6sningsf\u00f6rm\u00e5ga till det yttersta. Ditt uppdrag? L\u00f6s dem alla och visa Mr. Fox att du har vad som kr\u00e4vs f\u00f6r att bli en p\u00e5litlig f\u00e4ltagent.<\/p>\n<\/div>\n\n\n\n<div class=\"wp-block-column is-layout-flow wp-block-column-is-layout-flow\" style=\"flex-basis:50%\">\n<p>H\u00e5ll dig sk\u00e4rpt, arbeta tillsammans och l\u00e5t din inre spion guida dig n\u00e4r du ger dig ut p\u00e5 detta uppslukande \u00e4ventyr. Har du vad som kr\u00e4vs f\u00f6r att h\u00f6ja dig \u00f6ver resten och s\u00e4kra din plats bland raden av skickliga agenter?<\/p>\n\n\n\n<p>G\u00e5 med i Operation: F.A.S.T. nu och upplev den pulserande sp\u00e4nningen av spionage som aldrig f\u00f6rr!<\/p>\n<\/div>\n<\/div>\n<\/div>\n<\/div>\n\n\n\n<div class=\"wp-block-cover alignwide\" style=\"margin-bottom:var(--wp--preset--spacing--60)\"><img decoding=\"async\" width=\"1000\" height=\"664\" class=\"wp-block-cover__image-background wp-image-7281\" alt=\"\" src=\"https:\/\/foxinaboxgames.com\/gavle\/wp-content\/uploads\/sites\/55\/2025\/01\/image-233-1.jpg\" data-object-fit=\"cover\" srcset=\"https:\/\/foxinaboxgames.com\/gavle\/wp-content\/uploads\/sites\/55\/2025\/01\/image-233-1.jpg 1000w, https:\/\/foxinaboxgames.com\/gavle\/wp-content\/uploads\/sites\/55\/2025\/01\/image-233-1-300x199.jpg 300w, https:\/\/foxinaboxgames.com\/gavle\/wp-content\/uploads\/sites\/55\/2025\/01\/image-233-1-768x510.jpg 768w, https:\/\/foxinaboxgames.com\/gavle\/wp-content\/uploads\/sites\/55\/2025\/01\/image-233-1-18x12.jpg 18w, https:\/\/foxinaboxgames.com\/gavle\/wp-content\/uploads\/sites\/55\/2025\/01\/image-233-1-600x398.jpg 600w\" sizes=\"(max-width: 1000px) 100vw, 1000px\" \/><span aria-hidden=\"true\" class=\"wp-block-cover__background has-black-background-color has-background-dim-60 has-background-dim\"><\/span><div class=\"wp-block-cover__inner-container is-layout-flow wp-block-cover-is-layout-flow\">\n<div class=\"wp-block-group is-layout-flow wp-block-group-is-layout-flow\" style=\"border-radius:4px;padding-top:var(--wp--preset--spacing--30);padding-right:var(--wp--preset--spacing--20);padding-bottom:var(--wp--preset--spacing--30);padding-left:var(--wp--preset--spacing--20)\">\n<div class=\"wp-block-columns is-layout-flex wp-container-core-columns-is-layout-28f84493 wp-block-columns-is-layout-flex\">\n<div class=\"wp-block-column has-custom-white-color has-text-color has-link-color wp-elements-19abad81f73971e043d03b2af94373dd is-layout-flow wp-block-column-is-layout-flow\" style=\"flex-basis:55%\">\n<h4 class=\"wp-block-heading has-custom-white-color has-text-color has-regular-font-size\" style=\"padding-bottom:var(--wp--preset--spacing--50);line-height:1;text-transform:uppercase\">HUR DET FUNGERAR<\/h4>\n\n\n\n<div style=\"height:10px\" aria-hidden=\"true\" class=\"wp-block-spacer\"><\/div>\n<\/div>\n<\/div>\n\n\n\n<div class=\"wp-block-columns is-layout-flex wp-container-core-columns-is-layout-28f84493 wp-block-columns-is-layout-flex\">\n<div class=\"wp-block-column is-layout-flow wp-block-column-is-layout-flow\" style=\"flex-basis:90%\">\n<ul style=\"font-style:normal;font-weight:400;line-height:2;text-transform:uppercase\" class=\"wp-block-list list-style-checkmark has-custom-white-color has-text-color has-gotham-font-family has-tiny-font-size\">\n<li>V\u00c4LJ DITT SPEL<\/li>\n\n\n\n<li>K\u00d6P SPELET DU VILL SPELA<\/li>\n\n\n\n<li>DU KOMMER ATT F\u00c5 ETT E-POST MED SPECIFIKA INSTRUKTIONER<\/li>\n\n\n\n<li>SAMLA DITT LAG<\/li>\n\n\n\n<li>LADDA DIN TELEFON<\/li>\n\n\n\n<li>SE TILL ATT DU HAR DATA\/INTERNET<\/li>\n\n\n\n<li>KONTROLLERA INST\u00c4LLNINGARNA P\u00c5 DIN TELEFON (TILL\u00c5T POP-UPS OCH PLATSDELNING)<\/li>\n\n\n\n<li>OM DET \u00c4R ETT UTOMHUSSPEL: KONTROLLERA V\u00c4DERPROGNOSEN<\/li>\n\n\n\n<li>KL\u00c4 DIG BEKV\u00c4MT EFTER V\u00c4DER OCH VIND SAMT GL\u00d6M INTE REFLEXEN OM DET \u00c4R M\u00d6RKT<\/li>\n\n\n\n<li>KOM TILL STARTPLATSEN F\u00d6R DIN VALDA JAKT<\/li>\n\n\n\n<li>B\u00d6RJA SPELET GENOM ATT F\u00d6LJA INSTRUKTIONERNA I MAILET<\/li>\n\n\n\n<li>OROA DIG INTE OM V\u00c4DRET \u00c4NDRAS ELLER OM N\u00c5GON BLIR TR\u00d6TT, DU KAN ALLTID TA EN PAUS ELLER KOMMA TILLBAKA EN ANNAN G\u00c5NG OCH FORTS\u00c4TTA.<\/li>\n\n\n\n<li>L\u00c4S FAQ:EN F\u00d6R EN B\u00c4TTRE F\u00d6RST\u00c5ELSE INNAN DU B\u00d6RJAR<\/li>\n\n\n\n<li>MEDAN DU SPELAR, VAR HELA TIDEN OBSERVANT P\u00c5 DIN OMGIVNING OCH SE TILL ATT SPELA S\u00c4KERT.<\/li>\n\n\n\n<li>L\u00d6S MYSTERIET OCH HA KUL!&nbsp;<\/li>\n<\/ul>\n\n\n\n<div style=\"height:20px\" aria-hidden=\"true\" class=\"wp-block-spacer\"><\/div>\n<\/div>\n<\/div>\n<\/div>\n<\/div><\/div>","protected":false},"excerpt":{"rendered":"<p>V\u00e4lkommen till Operation: F.A.S.T., ett sp\u00e4nnande geo-platsbaserat spionagespel som kommer att s\u00e4tta dina f\u00e4rdigheter p\u00e5 prov! F\u00f6rdjupa dig i hemliga agenters sp\u00e4nnande v\u00e4rld n\u00e4r du ger dig ut p\u00e5 ett uppdrag f\u00f6r att imponera p\u00e5 Mr. Fox, den mystiske chefen f\u00f6r underr\u00e4ttelsetj\u00e4nsten.<\/p>","protected":false},"featured_media":7280,"template":"","meta":[],"foxhunt-tags":[30,50,33],"product_brand":[],"product_cat":[21],"product_tag":[],"class_list":{"0":"post-7279","1":"product","2":"type-product","3":"status-publish","4":"has-post-thumbnail","6":"foxhunt-tags-best-during-the-day","7":"foxhunt-tags-best-for-families-and-couples","8":"foxhunt-tags-outdoor","9":"product_cat-fox-hunt","11":"first","12":"instock","13":"taxable","14":"shipping-taxable","15":"purchasable","16":"product-type-simple"},"_links":{"self":[{"href":"https:\/\/foxinaboxgames.com\/gavle\/sv\/wp-json\/wp\/v2\/product\/7279","targetHints":{"allow":["GET"]}}],"collection":[{"href":"https:\/\/foxinaboxgames.com\/gavle\/sv\/wp-json\/wp\/v2\/product"}],"about":[{"href":"https:\/\/foxinaboxgames.com\/gavle\/sv\/wp-json\/wp\/v2\/types\/product"}],"wp:featuredmedia":[{"embeddable":true,"href":"https:\/\/foxinaboxgames.com\/gavle\/sv\/wp-json\/wp\/v2\/media\/7280"}],"wp:attachment":[{"href":"https:\/\/foxinaboxgames.com\/gavle\/sv\/wp-json\/wp\/v2\/media?parent=7279"}],"wp:term":[{"taxonomy":"foxhunt-tags","embeddable":true,"href":"https:\/\/foxinaboxgames.com\/gavle\/sv\/wp-json\/wp\/v2\/foxhunt-tags?post=7279"},{"taxonomy":"product_brand","embeddable":true,"href":"https:\/\/foxinaboxgames.com\/gavle\/sv\/wp-json\/wp\/v2\/product_brand?post=7279"},{"taxonomy":"product_cat","embeddable":true,"href":"https:\/\/foxinaboxgames.com\/gavle\/sv\/wp-json\/wp\/v2\/product_cat?post=7279"},{"taxonomy":"product_tag","embeddable":true,"href":"https:\/\/foxinaboxgames.com\/gavle\/sv\/wp-json\/wp\/v2\/product_tag?post=7279"}],"curies":[{"name":"wp","href":"https:\/\/api.w.org\/{rel}","templated":true}]}}