{"id":684,"date":"2024-02-21T12:03:20","date_gmt":"2024-02-21T12:03:20","guid":{"rendered":"https:\/\/foxinaboxgames.com\/gavle-live\/?page_id=684"},"modified":"2025-09-16T14:54:27","modified_gmt":"2025-09-16T12:54:27","slug":"multiple-rooms-booking","status":"publish","type":"page","link":"https:\/\/foxinaboxgames.com\/gavle\/sv\/multiple-rooms-booking\/","title":{"rendered":"Multiple rooms booking"},"content":{"rendered":"<div class=\"wp-block-group has-global-padding is-layout-constrained wp-block-group-is-layout-constrained\" style=\"margin-top:0;margin-bottom:0\">\n<div class=\"wp-block-group alignfull has-global-padding is-layout-constrained wp-block-group-is-layout-constrained\">\n<div class=\"wp-block-cover alignfull is-light\"><span aria-hidden=\"true\" class=\"wp-block-cover__background has-background-dim-0 has-background-dim\"><\/span><img decoding=\"async\" width=\"2000\" height=\"674\" class=\"wp-block-cover__image-background wp-image-754\" alt=\"\" src=\"https:\/\/foxinaboxgames.com\/gavle-live\/wp-content\/uploads\/sites\/55\/2024\/02\/m-booking.jpg\" data-object-fit=\"cover\" srcset=\"https:\/\/foxinaboxgames.com\/gavle\/wp-content\/uploads\/sites\/55\/2024\/02\/m-booking.jpg 2000w, https:\/\/foxinaboxgames.com\/gavle\/wp-content\/uploads\/sites\/55\/2024\/02\/m-booking-300x101.jpg 300w, https:\/\/foxinaboxgames.com\/gavle\/wp-content\/uploads\/sites\/55\/2024\/02\/m-booking-1024x345.jpg 1024w, https:\/\/foxinaboxgames.com\/gavle\/wp-content\/uploads\/sites\/55\/2024\/02\/m-booking-768x259.jpg 768w, https:\/\/foxinaboxgames.com\/gavle\/wp-content\/uploads\/sites\/55\/2024\/02\/m-booking-1536x518.jpg 1536w, https:\/\/foxinaboxgames.com\/gavle\/wp-content\/uploads\/sites\/55\/2024\/02\/m-booking-600x202.jpg 600w\" sizes=\"(max-width: 2000px) 100vw, 2000px\" \/><div class=\"wp-block-cover__inner-container has-global-padding is-layout-constrained wp-block-cover-is-layout-constrained\">\n<div class=\"wp-block-group alignwide has-global-padding is-layout-constrained wp-block-group-is-layout-constrained\" style=\"padding-top:var(--wp--preset--spacing--40);padding-bottom:var(--wp--preset--spacing--40)\">\n<h1 class=\"wp-block-heading alignwide has-text-align-center has-custom-white-color has-text-color has-link-color has-larger-font-size wp-elements-809659e0c0fef6834a8e6e1c88c16197\" style=\"margin-top:var(--wp--preset--spacing--30);margin-bottom:var(--wp--preset--spacing--50);line-height:0.9\">BOKA FLERA RUM<\/h1>\n<\/div>\n<\/div><\/div>\n<\/div>\n<\/div>\n\n\n\n<div class=\"wp-block-group has-offwhite-background-color has-background has-global-padding is-layout-constrained wp-block-group-is-layout-constrained\" style=\"padding-top:4rem;padding-bottom:4rem\">\n<div class=\"wp-block-columns alignwide is-layout-flex wp-container-core-columns-is-layout-28f84493 wp-block-columns-is-layout-flex\">\n<div class=\"wp-block-column is-layout-flow wp-block-column-is-layout-flow\" style=\"flex-basis:100%\">\n    <div class='form-loader' style='display:none'>\n        <div class='left-element'><\/div>\n        <div class='right-element'><\/div>\n    <\/div>\n    <div class='booking-form multiple'>\n        <div class='booking-form-inner booking-form-left hidden'>\n            <div id='calendar'><\/div>\n            <div class='available-rooms'><\/div>\n        <\/div>\n\n        <div class='booking-form-inner booking-form-right hidden custom'>\n            <div class='multiple-rooms-booking-summary'>\n                <div class='section-title'>Booking summary<\/div>\n                <p class='empty-state'>V\u00e4nligen v\u00e4lj tillg\u00e4ngligt tidsintervall f\u00f6r de \u00f6nskade rummen.<\/p>\n\n                <div class='last-minute-notice'>\n                    <span class='last-minute-notice-title'>IMPORTANT NOTICE!<\/span><br\/><br\/>\n                    If you want to play the last minute games you have to give us a call to check the availability on <br\/>\n                    <a href='tel:+46 26 12 00 12'>+46 26 12 00 12<\/a><br\/><br\/>\n                    We can not guarantee that there will be an available game master to take your game.\n                <\/div>\n\n                <div class='maximum-days-in-future-notice'>\n                    <span class='maximum-days-in-future-notice-title'>IMPORTANT NOTICE!<\/span><br\/><br\/>\n                    Please note that our online booking system allows reservations for events within this NUMDAYS-day period. For bookings beyond this timeframe, we would love to assist you directly. To discuss availability and secure your preferred date, please call us at <br\/>\n                    <a href='tel:+46 26 12 00 12'>+46 26 12 00 12<\/a>\n                <\/div>\n\n                <div class='multiple-rooms-booking-forms-holder'><\/div>\n                <div class='total-booking-cost'>Total cost: 0 SEK<\/div>\n                <button class='submit-forms' disabled>Book these games<\/button>\n            <\/div>\n        <\/div>\n    <\/div>\n<\/div>\n<\/div>\n\n\n\n<div style=\"height:60px\" aria-hidden=\"true\" class=\"wp-block-spacer\"><\/div>\n<\/div>","protected":false},"excerpt":{"rendered":"","protected":false},"author":1,"featured_media":0,"parent":0,"menu_order":0,"comment_status":"closed","ping_status":"closed","template":"wp-custom-template-wide-width","meta":{"footnotes":""},"class_list":["post-684","page","type-page","status-publish","hentry"],"_links":{"self":[{"href":"https:\/\/foxinaboxgames.com\/gavle\/sv\/wp-json\/wp\/v2\/pages\/684","targetHints":{"allow":["GET"]}}],"collection":[{"href":"https:\/\/foxinaboxgames.com\/gavle\/sv\/wp-json\/wp\/v2\/pages"}],"about":[{"href":"https:\/\/foxinaboxgames.com\/gavle\/sv\/wp-json\/wp\/v2\/types\/page"}],"author":[{"embeddable":true,"href":"https:\/\/foxinaboxgames.com\/gavle\/sv\/wp-json\/wp\/v2\/users\/1"}],"replies":[{"embeddable":true,"href":"https:\/\/foxinaboxgames.com\/gavle\/sv\/wp-json\/wp\/v2\/comments?post=684"}],"version-history":[{"count":11,"href":"https:\/\/foxinaboxgames.com\/gavle\/sv\/wp-json\/wp\/v2\/pages\/684\/revisions"}],"predecessor-version":[{"id":768,"href":"https:\/\/foxinaboxgames.com\/gavle\/sv\/wp-json\/wp\/v2\/pages\/684\/revisions\/768"}],"wp:attachment":[{"href":"https:\/\/foxinaboxgames.com\/gavle\/sv\/wp-json\/wp\/v2\/media?parent=684"}],"curies":[{"name":"wp","href":"https:\/\/api.w.org\/{rel}","templated":true}]}}